{"id":43,"date":"2024-01-18T14:05:29","date_gmt":"2024-01-18T13:05:29","guid":{"rendered":"http:\/\/josephinekumps.be\/?page_id=43"},"modified":"2024-01-18T14:29:56","modified_gmt":"2024-01-18T13:29:56","slug":"contact","status":"publish","type":"page","link":"https:\/\/josephinekumps.be\/index.php\/contact\/","title":{"rendered":"Contact"},"content":{"rendered":"\n<p>Pour toute nouvelle demande, vous pouvez me joindre par t\u00e9l\u00e9phone au <strong>0479\/321454<\/strong>. Si je suis dans l&rsquo;impossibilit\u00e9 de vous r\u00e9pondre, n&rsquo;h\u00e9sitez pas \u00e0 me laisser un message, je vous recontacterai d\u00e9s que possible. Ou par mail: <strong>kumpsjopro@gmail.com<\/strong><\/p>\n\n\n\n<p><strong>Mon adresse: <\/strong><br>Place de Bossi\u00e8re, 5 <br>5032 Bossi\u00e8re<\/p>\n","protected":false},"excerpt":{"rendered":"<p>Pour toute nouvelle demande, vous pouvez me joindre par t\u00e9l\u00e9phone au 0479\/321454. Si je suis dans l&rsquo;impossibilit\u00e9 de vous r\u00e9pondre, n&rsquo;h\u00e9sitez pas \u00e0 me laisser un message, je vous recontacterai d\u00e9s que possible. Ou par mail: kumpsjopro@gmail.com Mon adresse: Place de Bossi\u00e8re, 5 5032 Bossi\u00e8re<\/p>\n","protected":false},"author":1,"featured_media":0,"parent":0,"menu_order":0,"comment_status":"closed","ping_status":"closed","template":"","meta":{"om_disable_all_campaigns":false,"_monsterinsights_skip_tracking":false,"_monsterinsights_sitenote_active":false,"_monsterinsights_sitenote_note":"","_monsterinsights_sitenote_category":0,"footnotes":""},"class_list":["post-43","page","type-page","status-publish","hentry","entry"],"_links":{"self":[{"href":"https:\/\/josephinekumps.be\/index.php\/wp-json\/wp\/v2\/pages\/43","targetHints":{"allow":["GET"]}}],"collection":[{"href":"https:\/\/josephinekumps.be\/index.php\/wp-json\/wp\/v2\/pages"}],"about":[{"href":"https:\/\/josephinekumps.be\/index.php\/wp-json\/wp\/v2\/types\/page"}],"author":[{"embeddable":true,"href":"https:\/\/josephinekumps.be\/index.php\/wp-json\/wp\/v2\/users\/1"}],"replies":[{"embeddable":true,"href":"https:\/\/josephinekumps.be\/index.php\/wp-json\/wp\/v2\/comments?post=43"}],"version-history":[{"count":2,"href":"https:\/\/josephinekumps.be\/index.php\/wp-json\/wp\/v2\/pages\/43\/revisions"}],"predecessor-version":[{"id":50,"href":"https:\/\/josephinekumps.be\/index.php\/wp-json\/wp\/v2\/pages\/43\/revisions\/50"}],"wp:attachment":[{"href":"https:\/\/josephinekumps.be\/index.php\/wp-json\/wp\/v2\/media?parent=43"}],"curies":[{"name":"wp","href":"https:\/\/api.w.org\/{rel}","templated":true}]}}