{"id":16,"date":"2022-01-25T11:46:25","date_gmt":"2022-01-25T10:46:25","guid":{"rendered":"http:\/\/josephinekumps.be\/?page_id=16"},"modified":"2024-01-22T18:50:22","modified_gmt":"2024-01-22T17:50:22","slug":"accompagnement-therapeutique","status":"publish","type":"page","link":"https:\/\/josephinekumps.be\/index.php\/accompagnement-therapeutique\/","title":{"rendered":"Accompagnement th\u00e9rapeutique"},"content":{"rendered":"\n<p>Chacun(e) peut se trouver, \u00e0 un moment de sa vie, confronter \u00e0 des \u00e9preuves et vivre des \u00e9motions fortes qui peuvent para\u00eetre insurmontables. Il est important de ne pas rester seule avec cette souffrance.<br>Quand le soutien de l&rsquo;entourage ne suffit plus, le recours \u00e0 un professionnel peut amener un nouvel \u00e9clairage et permettre de retrouver en soi les ressources n\u00e9cessaires pour d\u00e9passer ce moment difficile.<\/p>\n\n\n\n<p>En tant que psychotraumatologue (ULG-BIP), je vous accompagne dans la th\u00e9rapie des <strong>traumatismes psychiques et des troubles \u00e9motionnels<\/strong>&nbsp;: traumatismes simples et complexes (agression, viol, deuil, catastrophe naturelle, accident, violences conjugales, abus sexuel, inceste, torture, maltraitance infantile, &#8230;), difficult\u00e9s \u00e0 r\u00e9guler les \u00e9motions, manque d\u2019estime de soi, troubles de l\u2019attachement et troubles dissociatifs.<br>A tout moment, nous pouvons \u00eatre r\u00e9activ\u00e9s par des blessures d&rsquo;attachement, d&rsquo;abandon, des traumatismes ou des deuils non r\u00e9solus. D\u00e9passer ses traumatismes et retrouver son \u00e9nergie vitale est un v\u00e9ritable cheminement vers une plus grande libert\u00e9 int\u00e9rieure. La th\u00e9rapie du trauma se concentre sur <strong>l\u2019accroissement de vos capacit\u00e9s de r\u00e9silience<\/strong> en vous reconnectant \u00e0 vos forces int\u00e9rieures.<\/p>\n\n\n\n<p>J&rsquo;accueille en consultation <strong>les adolescents et les adultes<\/strong> qui traversent des moments de doutes, des difficult\u00e9s telles que d\u00e9pression, mal-\u00eatre, troubles anxieux, deuil, burn-out professionnel ou parental, difficult\u00e9s relationnelles, s\u00e9paration, phobie scolaire, &#8230;<\/p>\n\n\n\n<p>Chaque rencontre est unique. J&rsquo;accorde une grande importance \u00e0 ce sentiment de s\u00e9curit\u00e9 et ce \u00ab\u00a0feeling\u00a0\u00bb qui peut passer entre nous. En th\u00e9rapie, la blessure individuelle est importante mais elle ne peut se penser sans la blessure du lien. Si vos relations pass\u00e9es vous ont bless\u00e9es, c&rsquo;est aussi dans la relation que vous vous soignerez. Et le fait de pouvoir r\u00e9-exp\u00e9rimenter de la confiance dans les \u00ab\u00a0bras psychologiques\u00a0\u00bb d&rsquo;un th\u00e9rapeute sera un potentiel r\u00e9parateur extr\u00eamement important pour vous et pour le chemin que nous ferons ensemble. Nous prendrons donc le temps de tisser ce lien de confiance essentiel au bon d\u00e9roulement de notre travail th\u00e9rapeutique. L&rsquo;authenticit\u00e9, l&rsquo;humilit\u00e9, la collaboration, l&rsquo;accueil inconditionnel de chacun dans ce qu&rsquo;il est et ce qu&rsquo;il vit sont au c\u0153ur de mes accompagnements. Je vous offre un espace-temps o\u00f9 se reconnecter \u00e0 soi dans la bienveillance et le respect.<br><br>En th\u00e9rapie, je m\u2019appuie sur l\u2019EMDR, l\u2019hypnose conversationnelle strat\u00e9gique PTR (Psychoth\u00e9rapie du Trauma R\u00e9associative), les neurosciences, les th\u00e9ories de l\u2019attachement, la syst\u00e9mique et toute une s\u00e9rie d\u2019exercices ax\u00e9s sur le corps.<\/p>\n\n\n\n<p><\/p>\n\n\n\n<p><\/p>\n\n\n\n<p><\/p>\n","protected":false},"excerpt":{"rendered":"<p>Chacun(e) peut se trouver, \u00e0 un moment de sa vie, confronter \u00e0 des \u00e9preuves et vivre des \u00e9motions fortes qui peuvent para\u00eetre insurmontables. Il est important de ne pas rester seule avec cette souffrance.Quand le soutien de l&rsquo;entourage ne suffit plus, le recours \u00e0 un professionnel peut amener un nouvel \u00e9clairage et permettre de retrouver &hellip; <\/p>\n<p class=\"link-more\"><a href=\"https:\/\/josephinekumps.be\/index.php\/accompagnement-therapeutique\/\" class=\"more-link\">Continuer la lecture <span class=\"screen-reader-text\"> \u00ab\u00a0Accompagnement th\u00e9rapeutique\u00a0\u00bb<\/span><\/a><\/p>\n","protected":false},"author":1,"featured_media":0,"parent":0,"menu_order":0,"comment_status":"closed","ping_status":"closed","template":"","meta":{"om_disable_all_campaigns":false,"_monsterinsights_skip_tracking":false,"_monsterinsights_sitenote_active":false,"_monsterinsights_sitenote_note":"","_monsterinsights_sitenote_category":0,"footnotes":""},"class_list":["post-16","page","type-page","status-publish","hentry","entry"],"_links":{"self":[{"href":"https:\/\/josephinekumps.be\/index.php\/wp-json\/wp\/v2\/pages\/16","targetHints":{"allow":["GET"]}}],"collection":[{"href":"https:\/\/josephinekumps.be\/index.php\/wp-json\/wp\/v2\/pages"}],"about":[{"href":"https:\/\/josephinekumps.be\/index.php\/wp-json\/wp\/v2\/types\/page"}],"author":[{"embeddable":true,"href":"https:\/\/josephinekumps.be\/index.php\/wp-json\/wp\/v2\/users\/1"}],"replies":[{"embeddable":true,"href":"https:\/\/josephinekumps.be\/index.php\/wp-json\/wp\/v2\/comments?post=16"}],"version-history":[{"count":19,"href":"https:\/\/josephinekumps.be\/index.php\/wp-json\/wp\/v2\/pages\/16\/revisions"}],"predecessor-version":[{"id":112,"href":"https:\/\/josephinekumps.be\/index.php\/wp-json\/wp\/v2\/pages\/16\/revisions\/112"}],"wp:attachment":[{"href":"https:\/\/josephinekumps.be\/index.php\/wp-json\/wp\/v2\/media?parent=16"}],"curies":[{"name":"wp","href":"https:\/\/api.w.org\/{rel}","templated":true}]}}