{"id":11,"date":"2022-01-25T15:39:06","date_gmt":"2022-01-25T14:39:06","guid":{"rendered":"http:\/\/josephinekumps.be\/?page_id=11"},"modified":"2024-01-21T19:43:01","modified_gmt":"2024-01-21T18:43:01","slug":"qui-suis-je","status":"publish","type":"page","link":"https:\/\/josephinekumps.be\/index.php\/qui-suis-je\/","title":{"rendered":"Qui suis-je?"},"content":{"rendered":"\n<figure class=\"wp-block-image size-large is-resized\"><img loading=\"lazy\" decoding=\"async\" src=\"https:\/\/josephinekumps.be\/wp-content\/uploads\/2024\/01\/image-867x1024.png\" alt=\"\" class=\"wp-image-79\" width=\"183\" height=\"216\" srcset=\"https:\/\/josephinekumps.be\/wp-content\/uploads\/2024\/01\/image-867x1024.png 867w, https:\/\/josephinekumps.be\/wp-content\/uploads\/2024\/01\/image-254x300.png 254w, https:\/\/josephinekumps.be\/wp-content\/uploads\/2024\/01\/image-768x907.png 768w, https:\/\/josephinekumps.be\/wp-content\/uploads\/2024\/01\/image-1301x1536.png 1301w, https:\/\/josephinekumps.be\/wp-content\/uploads\/2024\/01\/image.png 1511w\" sizes=\"auto, (max-width: 183px) 100vw, 183px\" \/><\/figure>\n\n\n\n<p>L&rsquo;\u00eatre humain a toujours \u00e9t\u00e9 au centre des mes pr\u00e9occupations, c&rsquo;est donc tout naturellement que je me suis lanc\u00e9e dans des \u00e9tudes d&rsquo;<strong>Assistante en psychologie<\/strong>. J&rsquo;ai poursuivi mon cursus en faisant une <strong>Licence en sciences de la famille et de la sexualit\u00e9<\/strong> qui m&rsquo;a donn\u00e9 envie d&rsquo;approfondir les dynamiques familiales. Raison pour laquelle j&rsquo;ai entam\u00e9 une formation de 4 ans en <strong>th\u00e9rapie familiale et syst\u00e9mique<\/strong>. Travaillant depuis plus de 15 ans en maison m\u00e9dicale \u00e0 Bruxelles, je n\u2019ai eu de cesse de d\u00e9velopper mon exp\u00e9rience en collaboration avec d\u2019autres professionnels. J\u2019y exerce comme <strong>psychoth\u00e9rapeute <\/strong>depuis 2010. J\u2019ai enrichi ma pratique par l\u2019<strong>EMDR et <\/strong>la <strong>Psychotraumatologie<\/strong> (ULG-BIP), des approches int\u00e9gratives et efficaces \u00e0 bien des \u00e9gards.<br>Je m&rsquo;inscris dans un processus de formation continue et participe r\u00e9guli\u00e8rement \u00e0 des conf\u00e9rences, des s\u00e9minaires, des formations, des s\u00e9ances d&rsquo;intervision et de supervision qui viennent toujours enrichir ma pratique. <br>Je suis porteuse d&rsquo;un <strong>Certificat Europ\u00e9en de Psychoth\u00e9rapeute<\/strong>, je suis membre de l&rsquo;<strong>ABP<\/strong> (Association Belge de Psychoth\u00e9rapie), de l&rsquo;<strong>ABIPFS<\/strong> (Association Belge pour l&rsquo;Intervention et la Psychoth\u00e9rapie Familiale Syst\u00e9mique), du <strong>BIP<\/strong> (Belgian Institute of Psychotraumatology) et de l&rsquo;<strong>AFTD<\/strong> (Association Francophone du Trauma et de la Dissociation).<\/p>\n\n\n\n<p><\/p>\n\n\n\n<p><span class=\"has-inline-color has-primary-color\"><strong>Formation de base<\/strong>:<\/span><br>\u2013 <strong>Assistante en psychologie<\/strong> (1999-2002\/Marie-Haps)<br>\u2013 <strong>Licence en sciences de la famille et de la sexualit\u00e9<\/strong> (2002-2005\/UCL)<br>\u2013 <strong>Formation d\u2019Intervenante en Th\u00e9rapie Familiale et Syst\u00e9mique<\/strong> (2008-2012\/EPNAM)<br>\u2013 <strong>Certificat Universitaire en Psychotraumatologie <\/strong>(2018-2020\/ULG-BIP)<\/p>\n\n\n\n<p><span class=\"has-inline-color has-primary-color\"><strong>Formations compl\u00e9mentaires<\/strong>:<\/span><\/p>\n\n\n\n<ul class=\"wp-block-list\"><li>Formation de base en \u00e9ducation \u00e0 la vie affective et sexuelle (CEDIF, 2006)<\/li><li>Formation de base en EMDR niveau 1 et 2 (INTEGRATIVA, 2012-2013)<\/li><li>Formation aux nouveaux objets flottants syst\u00e9miques (VILLAGE SYSTEMIQUE, 2015)<\/li><li>Formation \u00e0 la bo\u00eete de vitesse en EMDR (INTEGRATIVA, 2017)<\/li><li>Int\u00e9grer la th\u00e9orie de l\u2019attachement dans nos pratiques cliniques (Alexandra Deprez- HUMAGOGIE, 2021)<\/li><li>Les d\u00e9fis du travail en EMDR chez les personnes \u00e9vitantes ( BIP, 2021)<\/li><li>Colloque AFTD 2021: Les violences sexuelles au regard de la dissociation: atelier- intervenir et coop\u00e9rer avec les syst\u00e8mes de loyaut\u00e9 (H. Delluci)- Trauma et dissociation complexe: nouveau regard sur le travail avec l&rsquo;enfant et \u00ab\u00a0l&rsquo;enfant int\u00e9rieur\u00a0\u00bb \u00e0 travers l&rsquo;adulte (M-F. Gizard)<\/li><li>Sommet 2021: Trauma, attachement et r\u00e9silience ( Quantum Way)<\/li><li>Formation Trauma pr\u00e9coce, attachement et EMDR (INTEGRATIVA, 2021)<\/li><li>Traitement des traumatismes complexes et traitement de l\u2019attachement traumatique \u00e0 l\u2019agresseur (Roger Solomon) (BIP, 2021)<\/li><li>Formation online: comprendre, diagnostiquer et traiter le burnout parental (TRAINING INSTITUTE FOR PSYCHOLOGY &amp; HEALTH, 2022)<\/li><li>Module initial \u00ab violences conjugales et intrafamiliales \u00bb (P\u00f4le des Ressources, 2022)<\/li><li>Module victimes des violences conjugales et intrafamiliales (P\u00f4le des Ressources, 2023)<\/li><li>Formation aux constellations familiales et syst\u00e9miques dans le suivi individuel (Caroline Boland, 2023)<\/li><li>Formation Constellations familiales et trauma (Caroline Boland, 2023)<\/li><li>Formation en hypnose \u00e9ricksonnienne (Teresa Robles, 2023)<\/li><li>Formation \u00e0 la pr\u00e9vention et \u00e0 la prise en charge du burn-out (YOUPULSE, 2023)<\/li><\/ul>\n\n\n\n<p><\/p>\n\n\n\n<p><\/p>\n\n\n\n<p><\/p>\n","protected":false},"excerpt":{"rendered":"<p>L&rsquo;\u00eatre humain a toujours \u00e9t\u00e9 au centre des mes pr\u00e9occupations, c&rsquo;est donc tout naturellement que je me suis lanc\u00e9e dans des \u00e9tudes d&rsquo;Assistante en psychologie. J&rsquo;ai poursuivi mon cursus en faisant une Licence en sciences de la famille et de la sexualit\u00e9 qui m&rsquo;a donn\u00e9 envie d&rsquo;approfondir les dynamiques familiales. Raison pour laquelle j&rsquo;ai entam\u00e9 &hellip; <\/p>\n<p class=\"link-more\"><a href=\"https:\/\/josephinekumps.be\/index.php\/qui-suis-je\/\" class=\"more-link\">Continuer la lecture <span class=\"screen-reader-text\"> \u00ab\u00a0Qui suis-je?\u00a0\u00bb<\/span><\/a><\/p>\n","protected":false},"author":1,"featured_media":0,"parent":0,"menu_order":0,"comment_status":"closed","ping_status":"closed","template":"","meta":{"om_disable_all_campaigns":false,"_monsterinsights_skip_tracking":false,"_monsterinsights_sitenote_active":false,"_monsterinsights_sitenote_note":"","_monsterinsights_sitenote_category":0,"footnotes":""},"class_list":["post-11","page","type-page","status-publish","hentry","entry"],"_links":{"self":[{"href":"https:\/\/josephinekumps.be\/index.php\/wp-json\/wp\/v2\/pages\/11","targetHints":{"allow":["GET"]}}],"collection":[{"href":"https:\/\/josephinekumps.be\/index.php\/wp-json\/wp\/v2\/pages"}],"about":[{"href":"https:\/\/josephinekumps.be\/index.php\/wp-json\/wp\/v2\/types\/page"}],"author":[{"embeddable":true,"href":"https:\/\/josephinekumps.be\/index.php\/wp-json\/wp\/v2\/users\/1"}],"replies":[{"embeddable":true,"href":"https:\/\/josephinekumps.be\/index.php\/wp-json\/wp\/v2\/comments?post=11"}],"version-history":[{"count":23,"href":"https:\/\/josephinekumps.be\/index.php\/wp-json\/wp\/v2\/pages\/11\/revisions"}],"predecessor-version":[{"id":103,"href":"https:\/\/josephinekumps.be\/index.php\/wp-json\/wp\/v2\/pages\/11\/revisions\/103"}],"wp:attachment":[{"href":"https:\/\/josephinekumps.be\/index.php\/wp-json\/wp\/v2\/media?parent=11"}],"curies":[{"name":"wp","href":"https:\/\/api.w.org\/{rel}","templated":true}]}}